{"id":643,"date":"2024-02-19T00:15:22","date_gmt":"2024-02-19T00:15:22","guid":{"rendered":"https:\/\/yourcreams.wpdinamiq.com\/?post_type=product&#038;p=643"},"modified":"2024-03-05T16:02:44","modified_gmt":"2024-03-05T16:02:44","slug":"caviar-power-day","status":"publish","type":"product","link":"https:\/\/yourcreams.wpdinamiq.com\/en\/producto\/caviar-power-day\/","title":{"rendered":"CAVIAR POWER DAY"},"content":{"rendered":"<p>Innovadora l&iacute;nea antienvejecimiento con modernos ingredientes de alta calidad que proporciona hidrataci&oacute;n y potencia el sistema de autorreparaci&oacute;n de la piel. El exclusivo complejo Caviar-Complex y los biop&eacute;ptidos naturales han sido dise&ntilde;ados para estimular el metabolismo celular y potenciar la regeneraci&oacute;n de la estructura de la piel cansada. CAVIAR POWER by KLAPP es la f&oacute;rmula de belleza y bienestar perfecta para pieles femeninas y masculinas que quieran mimarse y relajarse al m&aacute;ximo nivel.<\/p>\n","protected":false},"excerpt":{"rendered":"<p>Una crema de d\u00eda para reafirmar la estructura de la piel y estimular sus mecanismos protectores. Los biop\u00e9ptidos naturales y el caviar aportan hidrataci\u00f3n y elasticidad. Sensaci\u00f3n c\u00f3moda todo el d\u00eda.<\/p>\n","protected":false},"featured_media":644,"template":"","meta":{"_acf_changed":false,"site-sidebar-layout":"default","site-content-layout":"","ast-site-content-layout":"default","site-content-style":"default","site-sidebar-style":"default","ast-global-header-display":"","ast-banner-title-visibility":"","ast-main-header-display":"","ast-hfb-above-header-display":"","ast-hfb-below-header-display":"","ast-hfb-mobile-header-display":"","site-post-title":"","ast-breadcrumbs-content":"","ast-featured-img":"","footer-sml-layout":"","theme-transparent-header-meta":"default","adv-header-id-meta":"","stick-header-meta":"","header-above-stick-meta":"","header-main-stick-meta":"","header-below-stick-meta":"","astra-migrate-meta-layouts":"set","ast-page-background-enabled":"default","ast-page-background-meta":{"desktop":{"background-color":"var(--ast-global-color-4)","background-image":"","background-repeat":"repeat","background-position":"center center","background-size":"auto","background-attachment":"scroll","background-type":"","background-media":"","overlay-type":"","overlay-color":"","overlay-gradient":""},"tablet":{"background-color":"","background-image":"","background-repeat":"repeat","background-position":"center center","background-size":"auto","background-attachment":"scroll","background-type":"","background-media":"","overlay-type":"","overlay-color":"","overlay-gradient":""},"mobile":{"background-color":"","background-image":"","background-repeat":"repeat","background-position":"center center","background-size":"auto","background-attachment":"scroll","background-type":"","background-media":"","overlay-type":"","overlay-color":"","overlay-gradient":""}},"ast-content-background-meta":{"desktop":{"background-color":"var(--ast-global-color-5)","background-image":"","background-repeat":"repeat","background-position":"center center","background-size":"auto","background-attachment":"scroll","background-type":"","background-media":"","overlay-type":"","overlay-color":"","overlay-gradient":""},"tablet":{"background-color":"var(--ast-global-color-5)","background-image":"","background-repeat":"repeat","background-position":"center center","background-size":"auto","background-attachment":"scroll","background-type":"","background-media":"","overlay-type":"","overlay-color":"","overlay-gradient":""},"mobile":{"background-color":"var(--ast-global-color-5)","background-image":"","background-repeat":"repeat","background-position":"center center","background-size":"auto","background-attachment":"scroll","background-type":"","background-media":"","overlay-type":"","overlay-color":"","overlay-gradient":""}}},"product_cat":[77],"product_tag":[],"class_list":{"0":"post-643","1":"product","2":"type-product","3":"status-publish","4":"has-post-thumbnail","6":"promo-face-care","7":"marca-klapp","8":"product_cat-caviar-power","9":"desktop-align-center","10":"tablet-align-left","11":"mobile-align-left","12":"ast-product-gallery-layout-horizontal-slider","13":"ast-product-gallery-with-no-image","14":"ast-product-tabs-layout-horizontal","16":"first","17":"instock","18":"sale","19":"taxable","20":"shipping-taxable","21":"purchasable","22":"product-type-simple"},"acf":[],"_links":{"self":[{"href":"https:\/\/yourcreams.wpdinamiq.com\/en\/wp-json\/wp\/v2\/product\/643","targetHints":{"allow":["GET"]}}],"collection":[{"href":"https:\/\/yourcreams.wpdinamiq.com\/en\/wp-json\/wp\/v2\/product"}],"about":[{"href":"https:\/\/yourcreams.wpdinamiq.com\/en\/wp-json\/wp\/v2\/types\/product"}],"wp:featuredmedia":[{"embeddable":true,"href":"https:\/\/yourcreams.wpdinamiq.com\/en\/wp-json\/wp\/v2\/media\/644"}],"wp:attachment":[{"href":"https:\/\/yourcreams.wpdinamiq.com\/en\/wp-json\/wp\/v2\/media?parent=643"}],"wp:term":[{"taxonomy":"product_cat","embeddable":true,"href":"https:\/\/yourcreams.wpdinamiq.com\/en\/wp-json\/wp\/v2\/product_cat?post=643"},{"taxonomy":"product_tag","embeddable":true,"href":"https:\/\/yourcreams.wpdinamiq.com\/en\/wp-json\/wp\/v2\/product_tag?post=643"}],"curies":[{"name":"wp","href":"https:\/\/api.w.org\/{rel}","templated":true}]}}