{"id":527,"date":"2024-02-18T22:43:38","date_gmt":"2024-02-18T22:43:38","guid":{"rendered":"https:\/\/yourcreams.wpdinamiq.com\/?post_type=product&#038;p=527"},"modified":"2024-03-05T16:02:44","modified_gmt":"2024-03-05T16:02:44","slug":"a-classic-cream","status":"publish","type":"product","link":"https:\/\/yourcreams.wpdinamiq.com\/de\/producto\/a-classic-cream\/","title":{"rendered":"A CLASSIC CREAM"},"content":{"rendered":"<p>La vitamina A juega un papel muy importante para reforzar la estructura y la funci&oacute;n de la piel. Contribuye a la formaci&oacute;n de col&aacute;geno, a las actividades de las enzimas y a los mecanismos de restauraci&oacute;n de la piel. La l&iacute;nea A Classic ha sido desarrollada para contrarrestar el envejecimiento natural de la piel. El uso constante de esta gama de productos garantiza la frescura y elasticidad de la piel. Act&uacute;a como un despertador biol&oacute;gico para las c&eacute;lulas, acelerando la regeneraci&oacute;n celular. Tambi&eacute;n contribuye al blanqueamiento de manchas y la atenuaci&oacute;n de arrugas. Se puede utilizar todo el a&ntilde;o, pues no es &aacute;cida (contiene retinol encapsulado). Esta&nbsp;crema de&nbsp;textura ligera y cremosa se basa&nbsp;en la gran nutrici&oacute;n de la manteca de karit&eacute;. Enriquecida&nbsp;con ADN marino, es&nbsp;un exclusivo c&oacute;ctel reparador que tambi&eacute;n incluye caviar. Las vitaminas y los agentes hidratantes naturales rellenan los delicados receptores. Las arrugas se aten&uacute;an y la piel cansada&nbsp;y fatigada&nbsp;recupera&nbsp;su brillo natural.<\/p>\n","protected":false},"excerpt":{"rendered":"<p>Crema rica para el cuidado de las pieles maduras y exigentes. Un complejo vitam\u00ednico apoya los mecanismos de reparaci\u00f3n de la piel y estimula la producci\u00f3n de col\u00e1geno.<\/p>\n","protected":false},"featured_media":528,"template":"","meta":{"_acf_changed":false,"site-sidebar-layout":"default","site-content-layout":"","ast-site-content-layout":"default","site-content-style":"default","site-sidebar-style":"default","ast-global-header-display":"","ast-banner-title-visibility":"","ast-main-header-display":"","ast-hfb-above-header-display":"","ast-hfb-below-header-display":"","ast-hfb-mobile-header-display":"","site-post-title":"","ast-breadcrumbs-content":"","ast-featured-img":"","footer-sml-layout":"","theme-transparent-header-meta":"default","adv-header-id-meta":"","stick-header-meta":"","header-above-stick-meta":"","header-main-stick-meta":"","header-below-stick-meta":"","astra-migrate-meta-layouts":"set","ast-page-background-enabled":"default","ast-page-background-meta":{"desktop":{"background-color":"var(--ast-global-color-4)","background-image":"","background-repeat":"repeat","background-position":"center center","background-size":"auto","background-attachment":"scroll","background-type":"","background-media":"","overlay-type":"","overlay-color":"","overlay-gradient":""},"tablet":{"background-color":"","background-image":"","background-repeat":"repeat","background-position":"center center","background-size":"auto","background-attachment":"scroll","background-type":"","background-media":"","overlay-type":"","overlay-color":"","overlay-gradient":""},"mobile":{"background-color":"","background-image":"","background-repeat":"repeat","background-position":"center center","background-size":"auto","background-attachment":"scroll","background-type":"","background-media":"","overlay-type":"","overlay-color":"","overlay-gradient":""}},"ast-content-background-meta":{"desktop":{"background-color":"var(--ast-global-color-5)","background-image":"","background-repeat":"repeat","background-position":"center center","background-size":"auto","background-attachment":"scroll","background-type":"","background-media":"","overlay-type":"","overlay-color":"","overlay-gradient":""},"tablet":{"background-color":"var(--ast-global-color-5)","background-image":"","background-repeat":"repeat","background-position":"center center","background-size":"auto","background-attachment":"scroll","background-type":"","background-media":"","overlay-type":"","overlay-color":"","overlay-gradient":""},"mobile":{"background-color":"var(--ast-global-color-5)","background-image":"","background-repeat":"repeat","background-position":"center center","background-size":"auto","background-attachment":"scroll","background-type":"","background-media":"","overlay-type":"","overlay-color":"","overlay-gradient":""}}},"product_cat":[61],"product_tag":[],"class_list":{"0":"post-527","1":"product","2":"type-product","3":"status-publish","4":"has-post-thumbnail","6":"marca-klapp","7":"product_cat-a-classic","8":"desktop-align-center","9":"tablet-align-left","10":"mobile-align-left","11":"ast-product-gallery-layout-horizontal-slider","12":"ast-product-gallery-with-no-image","13":"ast-product-tabs-layout-horizontal","15":"first","16":"instock","17":"sale","18":"taxable","19":"shipping-taxable","20":"purchasable","21":"product-type-simple"},"acf":[],"_links":{"self":[{"href":"https:\/\/yourcreams.wpdinamiq.com\/de\/wp-json\/wp\/v2\/product\/527","targetHints":{"allow":["GET"]}}],"collection":[{"href":"https:\/\/yourcreams.wpdinamiq.com\/de\/wp-json\/wp\/v2\/product"}],"about":[{"href":"https:\/\/yourcreams.wpdinamiq.com\/de\/wp-json\/wp\/v2\/types\/product"}],"wp:featuredmedia":[{"embeddable":true,"href":"https:\/\/yourcreams.wpdinamiq.com\/de\/wp-json\/wp\/v2\/media\/528"}],"wp:attachment":[{"href":"https:\/\/yourcreams.wpdinamiq.com\/de\/wp-json\/wp\/v2\/media?parent=527"}],"wp:term":[{"taxonomy":"product_cat","embeddable":true,"href":"https:\/\/yourcreams.wpdinamiq.com\/de\/wp-json\/wp\/v2\/product_cat?post=527"},{"taxonomy":"product_tag","embeddable":true,"href":"https:\/\/yourcreams.wpdinamiq.com\/de\/wp-json\/wp\/v2\/product_tag?post=527"}],"curies":[{"name":"wp","href":"https:\/\/api.w.org\/{rel}","templated":true}]}}